{"id":2031,"date":"2024-05-06T17:24:28","date_gmt":"2024-05-06T17:24:28","guid":{"rendered":"https:\/\/renovasmaltimentorifiuti.it\/?page_id=2031"},"modified":"2024-05-06T18:23:28","modified_gmt":"2024-05-06T18:23:28","slug":"informativa_newsletter","status":"publish","type":"page","link":"https:\/\/renovasmaltimentorifiuti.it\/index.php\/informativa_newsletter\/","title":{"rendered":"Informativa Newsletter"},"content":{"rendered":"<p>[et_pb_section fb_built=&#8221;1&#8243; admin_label=&#8221;sezione&#8221; _builder_version=&#8221;4.23.1&#8243; _module_preset=&#8221;default&#8221; background_color=&#8221;#FFFFFF&#8221; custom_margin=&#8221;150px||||false|false&#8221; global_colors_info=&#8221;{}&#8221;][et_pb_row _builder_version=&#8221;4.23.1&#8243; _module_preset=&#8221;default&#8221; global_colors_info=&#8221;{}&#8221;][et_pb_column type=&#8221;4_4&#8243; _builder_version=&#8221;4.23.1&#8243; _module_preset=&#8221;default&#8221; global_colors_info=&#8221;{}&#8221;][et_pb_text _builder_version=&#8221;4.23.1&#8243; _module_preset=&#8221;default&#8221; text_font=&#8221;d-din||||||||&#8221; text_text_color=&#8221;#000000&#8243; text_font_size=&#8221;17px&#8221; hover_enabled=&#8221;0&#8243; global_colors_info=&#8221;{}&#8221; sticky_enabled=&#8221;0&#8243;]<\/p>\n<p style=\"text-align: center;\">\u00a0<strong style=\"text-align: center;\">Informativa Privacy ex. art. 13 Reg. UE 2016\/679 <br \/>(Newsletter)<\/strong><\/p>\n<p style=\"text-align: center;\"><strong style=\"text-align: center;\"><\/strong><\/p>\n<p style=\"text-align: center;\"><strong style=\"text-align: center;\"><\/strong><\/p>\n<p><b>Renova S.r.l. con sede legale in Via Regina Pacis, snc \u2013 41049 Sassuolo, (MO),\u00a0 PEC <\/b><a href=\"mailto:renovapec@legalmail.it\"><b>renovapec@legalmail.it<\/b><\/a><b>\u00a0 ; e-mail <\/b><a href=\"mailto:alice@ricicla3000.it\"><b>alice@ricicla3000.it<\/b><\/a> <span style=\"font-weight: 400;\">\u00a0proprietaria del sito internet<\/span><span style=\"font-weight: 400;\"> www.renovasmaltimentorifiuti.it<\/span> <span style=\"font-weight: 400;\">(di seguito, il \u201c<\/span><b>Sito<\/b><span style=\"font-weight: 400;\">\u201d), in qualit\u00e0 di <\/span><b>titolare del trattamento<\/b> <b>dei dati personali<\/b><span style=\"font-weight: 400;\"> degli utenti del servizio di Newsletter (di seguito, gli \u201c<\/span><b>Utenti<\/b><span style=\"font-weight: 400;\">\u201d) fornisce qui di seguito l\u2019informativa privacy ai sensi dell\u2019art. 13 del Regolamento UE 2016\/679 del 27 aprile 2016 (di seguito, \u201c<\/span><b>Regolamento<\/b><span style=\"font-weight: 400;\">\u201d, o la \u201c<\/span><b>Normativa Applicabile<\/b><span style=\"font-weight: 400;\">\u201d).<\/span><\/p>\n<p>&nbsp;<\/p>\n<p><span style=\"font-weight: 400;\">Questo servizio di Newsletter \u00e8 riservato a soggetti che hanno compiuto il diciottesimo anno di et\u00e0. Il Titolare non raccoglie quindi dati personali relativi ai soggetti minori di anni 18. Su richiesta degli Utenti, il Titolare canceller\u00e0 tempestivamente tutti i dati personali involontariamente raccolti e relativi a soggetti minori di anni 18.<\/span><\/p>\n<p>&nbsp;<\/p>\n<p><span style=\"font-weight: 400;\">Il Titolare tiene nella massima considerazione il diritto alla privacy ed alla protezione dei dati personali dei propri Utenti. Per ogni informazione in relazione alla presente informativa privacy, gli Utenti possono <\/span><b>contattare il Titolare<\/b><span style=\"font-weight: 400;\"> in qualsiasi momento, utilizzando le seguenti modalit\u00e0:<\/span><\/p>\n<p>&nbsp;<\/p>\n<ul>\n<li style=\"font-weight: 400;\" aria-level=\"1\"><span style=\"font-weight: 400;\">Inviando una raccomandata a\/r alla sede legale del Titolare sita in Via Regina Pacis, snc \u2013 41049 Sassuolo, (MO);<\/span><\/li>\n<li style=\"font-weight: 400;\" aria-level=\"1\"><span style=\"font-weight: 400;\">Inviando un messaggio di posta elettronica ai seguenti indirizzi: <\/span><span style=\"font-weight: 400;\">PEC <\/span><a href=\"mailto:renovapec@legalmail.it\"><span style=\"font-weight: 400;\">renovapec@legalmail.it<\/span><\/a> <span style=\"font-weight: 400;\">;<br \/><\/span><span style=\"font-weight: 400;\">e-mail <\/span><span style=\"font-weight: 400;\"><a href=\"mailto:alice@ricicla3000.it\">alice@ricicla3000.it<\/a><br \/><a href=\"mailto:alice@ricicla3000.it\"><\/a><\/span><span style=\"font-weight: 400;\"><\/span><\/li>\n<\/ul>\n<ol start=\"1\"><\/ol>\n<ul>\n<li><b><b>Finalit\u00e0 del trattamento<\/b><\/b><b><b><\/b><\/b><\/li>\n<\/ul>\n<p><span style=\"font-weight: 400;\">I dati personali degli Utenti saranno trattati lecitamente dal Titolare ai sensi dell\u2019art. 6 del Regolamento per le seguenti finalit\u00e0 di trattamento:<\/span><\/p>\n<p><b>Evadere la richiesta dell\u2019Utente<\/b><span style=\"font-weight: 400;\">: i dati personali sono raccolti e trattati dal Titolare al fine esclusivo di accertare l\u2019identit\u00e0 dell\u2019Utente (anche tramite validazione dell\u2019indirizzo di posta elettronica), evitando cos\u00ec possibili truffe o abusi e per evadere la richiesta dell\u2019Utente relativa all\u2019invio della newsletter. Pertanto, l\u2019Utente ricever\u00e0 dal Titolare una newsletter periodica contenente informazioni in relazione a notizie rilevanti per il settore relative alle attivit\u00e0 del Titolare ovvero, per presentare offerte, promozioni ed opportunit\u00e0 commerciali del Titolare. I dati dell\u2019Utente raccolti dal Titolare a tale fine includono: nome, cognome, azienda, numero di telefono e l\u2019indirizzo e-mail. Nessun altro trattamento verr\u00e0 effettuato dal Titolare in relazione ai dati personali degli Utenti. Fermo restando quanto previsto altrove in questa informativa privacy, in nessun caso il Titolare render\u00e0 accessibili agli altri Utenti e\/o a terzi i dati personali degli Utenti.<\/span><\/p>\n<p>&nbsp;<\/p>\n<p><span style=\"font-weight: 400;\">E\u2019 comunque sempre possibile richiedere al Titolare di chiarire la concreta base giuridica di ciascun trattamento ed in particolare di specificare se il trattamento sia basato sulla legge, previsto da un contratto o necessario per concludere un contratto.<\/span><\/p>\n<p>&nbsp;<\/p>\n<p><span style=\"font-weight: 400;\">Il conferimento dei dati personali per le finalit\u00e0 di trattamento sopra indicate \u00e8 facoltativo ma necessario, poich\u00e9 il mancato conferimento degli stessi comporter\u00e0 l\u2019impossibilit\u00e0 per l\u2019Utente di ricevere la newsletter da parte del Titolare. In caso di consenso, l\u2019Utente potr\u00e0 in qualsiasi momento revocare lo stesso, facendone richiesta al Titolare con le modalit\u00e0 indicate al successivo paragrafo 5.<\/span><\/p>\n<p>&nbsp;<\/p>\n<p><span style=\"font-weight: 400;\">L\u2019Utente potr\u00e0 inoltre opporsi facilmente ad ulteriori invii di newsletter anche cliccando sull&#8217;apposito link per la revoca del consenso, che \u00e8 presente in ciascuna e-mail contenente la newsletter. Effettuata la revoca del consenso, il Titolare invier\u00e0 all\u2019Utente un messaggio di posta elettronica per confermare l\u2019avvenuta revoca del consenso.<\/span><\/p>\n<p><span style=\"font-weight: 400;\"><\/span><\/p>\n<ul>\n<li><b><b>Modalit\u00e0 di trattamento e tempi di conservazione dei dati<\/b><\/b><\/li>\n<\/ul>\n<p><span style=\"font-weight: 400;\"><\/span><\/p>\n<p><span style=\"font-weight: 400;\">Il Titolare tratter\u00e0 i dati personali degli Utenti mediante strumenti manuali ed informatici, con logiche strettamente correlate alle finalit\u00e0 stesse e, comunque, in modo da garantire la sicurezza e la riservatezza dei dati stessi.<\/span><\/p>\n<p>&nbsp;<\/p>\n<p><span style=\"font-weight: 400;\">I dati personali degli Utenti saranno conservati per i tempi strettamente necessari ad espletare le finalit\u00e0 primarie illustrate al precedente punto 1) o comunque secondo quanto necessario per la tutela in sede civilistica degli interessi sia degli Utenti che del Titolare.<\/span><\/p>\n<p><b><b><\/b><\/b><\/p>\n<p><b><b><\/b><\/b><\/p>\n<ul>\n<li><b>Ambito di comunicazione e diffusione dei dati<\/b><\/li>\n<\/ul>\n<p><b><b><\/b><\/b><\/p>\n<p>Potranno venire a conoscenza dei dati personali degli Utenti i collaboratori del Titolare incaricati di gestire il servizio newsletter e le richieste degli Utenti. Tali soggetti, che sono stati istruiti in tal senso dal Titolare ai sensi dell\u2019art. 29 del Regolamento, tratteranno i dati dell\u2019Utente esclusivamente per le finalit\u00e0 indicate nella presente informativa e nel rispetto delle previsioni della Normativa Applicabile.<\/p>\n<p><b><b><\/b><\/b><\/p>\n<p><span style=\"font-weight: 400;\">Potranno inoltre venire a conoscenza dei dati personali degli Utenti i soggetti terzi che potranno trattare dati personali per conto del Titolare in qualit\u00e0 di \u201c<\/span><b>Responsabili Esterni del Trattamento<\/b><span style=\"font-weight: 400;\">\u201d, quali, a titolo esemplificativo, fornitori di servizi informatici e logistici funzionali all\u2019operativit\u00e0 del servizio, fornitori di servizi in <\/span><i><span style=\"font-weight: 400;\">outsourcing<\/span><\/i><span style=\"font-weight: 400;\"> o <\/span><i><span style=\"font-weight: 400;\">cloud computing<\/span><\/i><span style=\"font-weight: 400;\">, professionisti e consulenti.<\/span><\/p>\n<p><b><b><\/b><\/b><\/p>\n<p><span style=\"font-weight: 400;\">Gli Utenti hanno il diritto di ottenere una lista degli eventuali responsabili del trattamento nominati dal Titolare, facendone richiesta al Titolare con le modalit\u00e0 indicate al successivo paragrafo 5.<\/span><\/p>\n<p>&nbsp;<\/p>\n<p><b>4. Trasferimenti Extra UE<\/b><\/p>\n<p><b><b><\/b><\/b><\/p>\n<p><span style=\"font-weight: 400;\">Il trattamento non si svolge in paesi extra-UE.<\/span><\/p>\n<p><span style=\"font-weight: 400;\">Tuttavia, si riserva la possibilit\u00e0 di utilizzare servizi in cloud; nel qual caso, i fornitori dei servizi saranno selezionati tra coloro che forniscono garanzie adeguate, cos\u00ec come previsto dall\u2019art. 46 GDPR 2016\/679.<\/span><\/p>\n<p><b><b><\/b><\/b><\/p>\n<p><span style=\"font-weight: 400;\"><\/span><\/p>\n<ul>\n<li><b><b>Diritti degli Interessati<br \/><\/b><\/b><\/li>\n<\/ul>\n<p><b><b><\/b><\/b><br \/><span style=\"font-weight: 400;\">Gli Utenti potranno esercitare i diritti garantiti loro dalla Normativa Applicabile, contattando il Titolare con le seguenti modalit\u00e0:<\/span><\/p>\n<ul>\n<li style=\"font-weight: 400;\" aria-level=\"1\"><span style=\"font-weight: 400;\">Inviando una raccomandata a\/r alla sede legale del Titolare sita in Via Regina Pacis, snc \u2013 41049 Sassuolo, (MO);<\/span><\/li>\n<li style=\"font-weight: 400;\" aria-level=\"1\"><span style=\"font-weight: 400;\">Inviando un messaggio di posta elettronica ai seguenti indirizzi: <\/span><span style=\"font-weight: 400;\">PEC <\/span><a href=\"mailto:renovapec@legalmail.it\"><span style=\"font-weight: 400;\">renovapec@legalmail.it<\/span><\/a> <span style=\"font-weight: 400;\">;<\/span><\/li>\n<\/ul>\n<ol>\n<li style=\"font-weight: 400;\" aria-level=\"1\"><span style=\"font-weight: 400;\">e-mail <\/span><span style=\"font-weight: 400;\"><a href=\"mailto:alice@ricicla3000.it\">alice@ricicla3000.it<\/a><br \/><a href=\"mailto:alice@ricicla3000.it\"><\/a><\/span><span style=\"font-weight: 400;\">\u00a0<\/span><\/li>\n<\/ol>\n<p><span style=\"font-weight: 400;\">Ai sensi della Normativa Applicabile, il Titolare informa che gli Utenti hanno il diritto di ottenere l&#8217;indicazione (i) dell&#8217;origine dei dati personali; (ii) delle finalit\u00e0 e modalit\u00e0 del trattamento; (iii) della logica applicata in caso di trattamento effettuato con l&#8217;ausilio di strumenti elettronici; (iv) degli estremi identificativi del titolare e dei responsabili; (v) dei soggetti o delle categorie di soggetti ai quali i dati personali possono essere comunicati o che possono venirne a conoscenza in qualit\u00e0 di responsabili o incaricati.<\/span><\/p>\n<p>&nbsp;<\/p>\n<p><span style=\"font-weight: 400;\">Inoltre, gli Utenti hanno il diritto di ottenere:<\/span><\/p>\n<ol>\n<li><span style=\"font-weight: 400;\">a) l\u2019<\/span><b>accesso<\/b><span style=\"font-weight: 400;\">, l&#8217;<\/span><b>aggiornamento<\/b><span style=\"font-weight: 400;\">, la <\/span><b>rettificazione<\/b><span style=\"font-weight: 400;\"> ovvero, quando vi hanno interesse, l&#8217;<\/span><b>integrazione<\/b><span style=\"font-weight: 400;\"> dei dati;<\/span><\/li>\n<li><span style=\"font-weight: 400;\">b) la <\/span><b>cancellazione<\/b><span style=\"font-weight: 400;\">, la <\/span><b>trasformazione in forma anonima<\/b><span style=\"font-weight: 400;\"> o il <\/span><b>blocco<\/b><span style=\"font-weight: 400;\"> dei dati trattati in violazione di legge, compresi quelli di cui non \u00e8 necessaria la conservazione in relazione agli scopi per i quali i dati sono stati raccolti o successivamente trattati;<\/span><\/li>\n<li><span style=\"font-weight: 400;\">c) l&#8217;attestazione che le operazioni di cui alle lettere a) e b) sono state portate a conoscenza, anche per quanto riguarda il loro contenuto, di coloro ai quali i dati sono stati comunicati o diffusi, eccettuato il caso in cui tale adempimento si rivela impossibile o comporta un impiego di mezzi manifestamente sproporzionato rispetto al diritto tutelato.<br \/><\/span><span style=\"font-weight: 400;\"><\/span><span style=\"font-weight: 400;\"><\/span><\/li>\n<\/ol>\n<p>&nbsp;<\/p>\n<p><span style=\"font-weight: 400;\">Inoltre, gli Utenti hanno:<\/span><\/p>\n<ol>\n<li><span style=\"font-weight: 400;\">a) il diritto di <\/span><b>revocare il consenso<\/b><span style=\"font-weight: 400;\"> in qualsiasi momento, qualora il trattamento si basi sul loro consenso;<\/span><\/li>\n<li><span style=\"font-weight: 400;\">b) il diritto (ove applicabile) alla <\/span><b>portabilit\u00e0 dei dati<\/b><span style=\"font-weight: 400;\"> (diritto di ricevere tutti i dati personali che li riguardano in un formato strutturato, di uso comune e leggibile da dispositivo automatico), il diritto alla <\/span><b>limitazione<\/b> <b>del<\/b> <b>trattamento<\/b><span style=\"font-weight: 400;\"> dei dati personali e il <\/span><b>diritto alla cancellazione<\/b><span style=\"font-weight: 400;\"> (\u201cdiritto all\u2019oblio\u201d);<\/span><\/li>\n<li><span style=\"font-weight: 400;\">c) il <\/span><b>diritto di opporsi<\/b><span style=\"font-weight: 400;\">:<\/span><\/li>\n<li><span style=\"font-weight: 400;\">i) in tutto o in parte, per motivi legittimi al trattamento dei dati personali che li riguardano, ancorch\u00e9 pertinenti allo scopo della raccolta.<\/span><\/li>\n<li><span style=\"font-weight: 400;\">d) qualora ritenessero che il trattamento che li riguarda violi il Regolamento, il diritto di <\/span><b>proporre reclamo a un\u2019Autorit\u00e0 di controllo <\/b><span style=\"font-weight: 400;\">(nello Stato membro in cui risiedono abitualmente, in quello in cui lavorano oppure in quello in cui si \u00e8 verificata la presunta violazione). L\u2019Autorit\u00e0 di controllo italiana \u00e8 il<\/span><b> Garante per la protezione dei dati personali<\/b><span style=\"font-weight: 400;\">, con sede in Piazza Venezia 11, 00186 \u2013 Roma (<\/span><a href=\"http:\/\/www.garanteprivacy.it\/\"><span style=\"font-weight: 400;\">http:\/\/www.garanteprivacy.it\/<\/span><\/a><span style=\"font-weight: 400;\">).<\/span><span style=\"font-weight: 400;\"><\/span><\/li>\n<\/ol>\n<p><span style=\"font-weight: 400;\"><\/span><\/p>\n<p><span style=\"font-weight: 400;\">Per tutto quanto non previsto dalla presente informativa si rimanda al Regolamento (UE) 2016\/679, al d.lgs 196\/03 cos\u00ec come modificato dal d.lgs 101\/2018 e s.m.i., nonch\u00e9 da ogni altro provvedimento emesso dall\u2019Autorit\u00e0 Garante per la Protezione dei Dati Personali (\u201cGarante\u201d).<\/span><\/p>\n<p><span style=\"font-weight: 400;\"><\/span><\/p>\n<p><span style=\"font-weight: 400;\">Il Titolare non e\u0300 responsabile per l\u2019aggiornamento di tutti i link visualizzabili nella presente Informativa, pertanto ogni qualvolta un link non sia funzionante e\/o aggiornato, gli Utenti riconoscono ed accettano che dovranno sempre far riferimento al documento e\/o sezione dei siti internet richiamati da tale link. Nel caso di mancata accettazione delle modifiche apportate alla presente privacy policy, l\u2019Utente \u00e8 tenuto a cessare l\u2019utilizzo del sito <\/span><a href=\"http:\/\/www.renovasmaltimentorifiuti.it\/\"><span style=\"font-weight: 400;\">www.renovasmaltimentorifiuti.it<\/span><\/a><span style=\"font-weight: 400;\"> e pu\u00f2 richiedere al Titolare del Trattamento di rimuovere i propri Dati Personali. Salvo quanto diversamente specificato, la precedente privacy policy continuer\u00e0 ad applicarsi ai Dati Personali sino a quel momento raccolti.<\/span><\/p>\n<p>[\/et_pb_text][\/et_pb_column][\/et_pb_row][\/et_pb_section]<\/p>\n","protected":false},"excerpt":{"rendered":"<p>\u00a0Informativa Privacy ex. art. 13 Reg. UE 2016\/679 (Newsletter) Renova S.r.l. con sede legale in Via Regina Pacis, snc \u2013 41049 Sassuolo, (MO),\u00a0 PEC renovapec@legalmail.it\u00a0 ; e-mail alice@ricicla3000.it \u00a0proprietaria del sito internet www.renovasmaltimentorifiuti.it (di seguito, il \u201cSito\u201d), in qualit\u00e0 di titolare del trattamento dei dati personali degli utenti del servizio di Newsletter (di seguito, gli [&hellip;]<\/p>\n","protected":false},"author":1,"featured_media":0,"parent":0,"menu_order":0,"comment_status":"closed","ping_status":"closed","template":"","meta":{"_et_pb_use_builder":"on","_et_pb_old_content":"<!-- wp:divi\/placeholder \/-->","_et_gb_content_width":"","footnotes":""},"class_list":["post-2031","page","type-page","status-publish","hentry"],"_links":{"self":[{"href":"https:\/\/renovasmaltimentorifiuti.it\/index.php\/wp-json\/wp\/v2\/pages\/2031","targetHints":{"allow":["GET"]}}],"collection":[{"href":"https:\/\/renovasmaltimentorifiuti.it\/index.php\/wp-json\/wp\/v2\/pages"}],"about":[{"href":"https:\/\/renovasmaltimentorifiuti.it\/index.php\/wp-json\/wp\/v2\/types\/page"}],"author":[{"embeddable":true,"href":"https:\/\/renovasmaltimentorifiuti.it\/index.php\/wp-json\/wp\/v2\/users\/1"}],"replies":[{"embeddable":true,"href":"https:\/\/renovasmaltimentorifiuti.it\/index.php\/wp-json\/wp\/v2\/comments?post=2031"}],"version-history":[{"count":9,"href":"https:\/\/renovasmaltimentorifiuti.it\/index.php\/wp-json\/wp\/v2\/pages\/2031\/revisions"}],"predecessor-version":[{"id":2087,"href":"https:\/\/renovasmaltimentorifiuti.it\/index.php\/wp-json\/wp\/v2\/pages\/2031\/revisions\/2087"}],"wp:attachment":[{"href":"https:\/\/renovasmaltimentorifiuti.it\/index.php\/wp-json\/wp\/v2\/media?parent=2031"}],"curies":[{"name":"wp","href":"https:\/\/api.w.org\/{rel}","templated":true}]}}